{"id":47,"date":"2025-05-21T14:00:00","date_gmt":"2025-05-21T12:00:00","guid":{"rendered":"https:\/\/foes-kks.blk.schule\/?page_id=47"},"modified":"2025-08-19T12:52:11","modified_gmt":"2025-08-19T10:52:11","slug":"unser-leitbild","status":"publish","type":"page","link":"https:\/\/foes-kks.blk.schule\/?page_id=47","title":{"rendered":"Unser Leitbild"},"content":{"rendered":"<p style=\"font-size: 1.5em; text-align: center;\"><strong>Lernen, leben und lachen.<\/strong><br \/>\nFinde deinen Weg.<\/p>\n<p><strong>Ziel unseres Schullebens<\/strong>: Jeder Sch\u00fcler soll die F\u00e4higkeit entwickeln, ein m\u00f6glichst selbstbestimmtes und selbstst\u00e4ndiges Leben zu f\u00fchren.<\/p>\n<p><strong>Leits\u00e4tze:<\/strong><\/p>\n<ul>\n<li>Die P\u00e4dagogen gestalten einen respektvollen und wertsch\u00e4tzenden Umgang mit elementaren Bed\u00fcrfnissen, damit die menschliche W\u00fcrde als Grundrecht erfahrbar wird.<\/li>\n<\/ul>\n<p>&nbsp;<\/p>\n<ul>\n<li>Die Sch\u00fcler entwickeln vielf\u00e4ltige und individuelle kommunikative F\u00e4higkeiten, um sich kulturelle, gesellschaftliche und soziale Teilhabe erschlie\u00dfen zu k\u00f6nnen.<\/li>\n<\/ul>\n<p>&nbsp;<\/p>\n<ul>\n<li>Wir lernen mit- und voneinander in einer Atmosph\u00e4re des gegenseitigen Vertrauens, damit sich jeder Sch\u00fcler bedingungslos angenommen f\u00fchlt.<\/li>\n<\/ul>\n<p>&nbsp;<\/p>\n<ul>\n<li>Wir lernen in einer Umgebung, die zum Experimentieren und Ausprobieren einl\u00e4dt und auch Fehler und Misserfolge zul\u00e4sst, um die Sch\u00fcler zu ermuntern, ihre F\u00e4higkeiten selbstst\u00e4ndig zu entdecken und weiterzuentwickeln.<\/li>\n<\/ul>\n<p>&nbsp;<\/p>\n<ul>\n<li>Wir f\u00f6rdern Selbstvertrauen und Stolz auf individuelle F\u00e4higkeiten, um Perspektiven auf eine selbstbestimmte Lebensgestaltung zu er\u00f6ffnen.<\/li>\n<\/ul>\n","protected":false},"excerpt":{"rendered":"<p>Lernen, leben und lachen. Finde deinen Weg. Ziel unseres Schullebens: Jeder Sch\u00fcler soll die F\u00e4higkeit entwickeln, ein m\u00f6glichst selbstbestimmtes und selbstst\u00e4ndiges Leben zu f\u00fchren.<\/p>\n","protected":false},"author":2,"featured_media":0,"parent":0,"menu_order":0,"comment_status":"closed","ping_status":"closed","template":"","meta":{"footnotes":""},"class_list":["post-47","page","type-page","status-publish","hentry"],"_links":{"self":[{"href":"https:\/\/foes-kks.blk.schule\/index.php?rest_route=\/wp\/v2\/pages\/47","targetHints":{"allow":["GET"]}}],"collection":[{"href":"https:\/\/foes-kks.blk.schule\/index.php?rest_route=\/wp\/v2\/pages"}],"about":[{"href":"https:\/\/foes-kks.blk.schule\/index.php?rest_route=\/wp\/v2\/types\/page"}],"author":[{"embeddable":true,"href":"https:\/\/foes-kks.blk.schule\/index.php?rest_route=\/wp\/v2\/users\/2"}],"replies":[{"embeddable":true,"href":"https:\/\/foes-kks.blk.schule\/index.php?rest_route=%2Fwp%2Fv2%2Fcomments&post=47"}],"version-history":[{"count":7,"href":"https:\/\/foes-kks.blk.schule\/index.php?rest_route=\/wp\/v2\/pages\/47\/revisions"}],"predecessor-version":[{"id":78,"href":"https:\/\/foes-kks.blk.schule\/index.php?rest_route=\/wp\/v2\/pages\/47\/revisions\/78"}],"wp:attachment":[{"href":"https:\/\/foes-kks.blk.schule\/index.php?rest_route=%2Fwp%2Fv2%2Fmedia&parent=47"}],"curies":[{"name":"wp","href":"https:\/\/api.w.org\/{rel}","templated":true}]}}