{"id":19,"date":"2025-03-14T17:43:38","date_gmt":"2025-03-14T16:43:38","guid":{"rendered":"https:\/\/foes-kks.blk.schule\/?page_id=19"},"modified":"2025-03-15T10:22:28","modified_gmt":"2025-03-15T09:22:28","slug":"impressum","status":"publish","type":"page","link":"https:\/\/foes-kks.blk.schule\/?page_id=19","title":{"rendered":"Impressum"},"content":{"rendered":"<aside class=\"widget widget_text\">\n<h3 class=\"widget-title title-block-wrap clearfix\"><span class=\"block-title\">Impressum<\/span><\/h3>\n<div class=\"textwidget\">\n<p><strong>1.) Verantwortlich im Sinne des Presserechts und des \u00a7 6 Mediendienste-Staatsvertrages:<\/strong><\/p>\n<p>K\u00e4the-Kruse-Schule f\u00fcr Geistigbehinderte<br \/>\nCarl-Broche-Stra\u00dfe 3<br \/>\n06618 Naumburg (Saale)<br \/>\nTel: 03445 -77 32 15<br \/>\n<script language=\"JavaScript\">\n<!--\n    var name = \"kontakt\";\n    var domain = \"sos-kruse.bildung-lsa.de\";\n    document.write('e-Mail: <a href=\"mailto:' +  name + '@' + domain + '\">');\n    document.write(name + '@' + domain +  '<\/a>');\n\/\/-->\n<\/script><\/p>\n<p><strong>2.) Konzeption\/Realisierung\/Design:<\/strong><\/p>\n<p>K\u00e4the-Kruse-Schule f\u00fcr Geistigbehinderte<br \/>\nCarl-Broche-Stra\u00dfe 3<br \/>\n06618 Naumburg (Saale)<\/p>\n<p>Based on: <a title=\"ThemeGrill\" href=\"https:\/\/themegrill.com\/themes\/colornews\" target=\"_blank\" rel=\"designer noopener noreferrer\">ColorNews von ThemeGrill<\/a><\/p>\n<p><strong>3.) Technischer Support:<\/strong><br \/>\nBurgenlandkreis<br \/>\nIT-Service<br \/>\nSch\u00f6nburger Stra\u00dfe 41<br \/>\n06618 Naumburg<br \/>\n<script language=\"JavaScript\">\n<!--\n    var name = \"support\";\n    var domain = \"its.blk.de\";\n    document.write('e-Mail: <a href=\"mailto:' +  name + '@' + domain + '\">');\n    document.write(name + '@' + domain +  '<\/a>');\n\/\/-->\n<\/script><\/p>\n<p><strong>4.) Rechtlicher Hinweis<\/strong><\/p>\n<p>Das Layout der Homepage, die verwendeten Grafiken und Bilder sowie die Sammlung von Beitr\u00e4gen sind urheberrechtlich gesch\u00fctzt. Alle Informationen dienen ausschlie\u00dflich zur pers\u00f6nlichen Information. Eine kommerzielle Nutzung der Internetseiten ist nicht erlaubt. Alle Informationen auf den Seiten der K\u00e4the-Kruse-Schule erfolgen ohne Gew\u00e4hr f\u00fcr ihre Richtigkeit. In keinem Fall wird f\u00fcr Sch\u00e4den, die sich aus der Verwendung der abgerufenen Informationen ergeben, eine Haftung \u00fcbernommen.<\/p>\n<p><strong>5.) Hinweis zu externen Links<\/strong><\/p>\n<p>Die K\u00e4the-Kruse-Schule ist als Inhalteanbieter nach \u00a7 5 Teledienstgesetz bzw. \u00a7 5 Mediendienste-Staatsvertrag f\u00fcr die \u201eeigenen Inhalte\u201c, die er zur Nutzung bereith\u00e4lt, verantwortlich. Von diesen eigenen Inhalten sind Querverweise (\u201eLinks\u201c) auf die von anderen Anbietern bereitgehaltenen Inhalte zu unterscheiden. Durch Querverweise h\u00e4lt die K\u00e4the-Kruse-Schule \u201efremde Inhalte\u201c zur Nutzung bereit. Die K\u00e4the-Kruse-Schule hat bei der erstmaligen Verkn\u00fcpfung die fremden Inhalte gesichtet. Bei Links handelt es sich allerdings um \u201elebende\u201c (dynamische) Verweise. Die fremden Inhalte k\u00f6nnen deshalb ge\u00e4ndert worden sein, ohne dass die K\u00e4the-Kruse-Schule hiervon Kenntnis hat. Es wird hiermit ausdr\u00fccklich erkl\u00e4rt, dass die K\u00e4the-Kruse-Schule keinen Einfluss auf die Gestaltung und die Inhalte dieser gelinkten fremden Seiten hat und somit daf\u00fcr auch nicht verantwortlich ist. Die K\u00e4the-Kruse-Schule distanziert sich deshalb ausdr\u00fccklich von allen Inhalten s\u00e4mtlicher Links und macht sich deren Inhalte nicht zu eigen. Diese Erkl\u00e4rung gilt f\u00fcr alle auf der Homepage der K\u00e4the-Kruse-Schule gelegten fremden Links.<\/p>\n<p><strong>6.) Geschlechterbezeichnung<\/strong><\/p>\n<p>Um die Lesbarkeit der Informationen zu erleichtern, wird bei Personenbezeichnungen i.d.R. die m\u00e4nnliche Form verwandt. Es sind jedoch jeweils m\u00e4nnliche und weibliche Personen gemeint.<\/p>\n<\/div>\n<\/aside>\n","protected":false},"excerpt":{"rendered":"<p>Impressum 1.) Verantwortlich im Sinne des Presserechts und des \u00a7 6 Mediendienste-Staatsvertrages: K\u00e4the-Kruse-Schule f\u00fcr Geistigbehinderte Carl-Broche-Stra\u00dfe 3 06618 Naumburg (Saale) Tel: 03445 -77 32<\/p>\n","protected":false},"author":1,"featured_media":0,"parent":0,"menu_order":0,"comment_status":"closed","ping_status":"closed","template":"","meta":{"footnotes":""},"class_list":["post-19","page","type-page","status-publish","hentry"],"_links":{"self":[{"href":"https:\/\/foes-kks.blk.schule\/index.php?rest_route=\/wp\/v2\/pages\/19","targetHints":{"allow":["GET"]}}],"collection":[{"href":"https:\/\/foes-kks.blk.schule\/index.php?rest_route=\/wp\/v2\/pages"}],"about":[{"href":"https:\/\/foes-kks.blk.schule\/index.php?rest_route=\/wp\/v2\/types\/page"}],"author":[{"embeddable":true,"href":"https:\/\/foes-kks.blk.schule\/index.php?rest_route=\/wp\/v2\/users\/1"}],"replies":[{"embeddable":true,"href":"https:\/\/foes-kks.blk.schule\/index.php?rest_route=%2Fwp%2Fv2%2Fcomments&post=19"}],"version-history":[{"count":4,"href":"https:\/\/foes-kks.blk.schule\/index.php?rest_route=\/wp\/v2\/pages\/19\/revisions"}],"predecessor-version":[{"id":31,"href":"https:\/\/foes-kks.blk.schule\/index.php?rest_route=\/wp\/v2\/pages\/19\/revisions\/31"}],"wp:attachment":[{"href":"https:\/\/foes-kks.blk.schule\/index.php?rest_route=%2Fwp%2Fv2%2Fmedia&parent=19"}],"curies":[{"name":"wp","href":"https:\/\/api.w.org\/{rel}","templated":true}]}}